{"id":20,"date":"2022-05-25T08:32:37","date_gmt":"2022-05-25T08:32:37","guid":{"rendered":"https:\/\/gokcinonur.com\/p\/bosa\/?page_id=20"},"modified":"2024-07-02T09:07:42","modified_gmt":"2024-07-02T09:07:42","slug":"what-we-offer","status":"publish","type":"page","link":"https:\/\/bosadesign.com\/tr\/what-we-offer\/","title":{"rendered":"Neler Yap\u0131yoruz"},"content":{"rendered":"<div data-elementor-type=\"wp-page\" data-elementor-id=\"20\" class=\"elementor elementor-20\">\n\t\t\t\t\t\t<section class=\"elementor-section elementor-top-section elementor-element elementor-element-2e6906be elementor-section-content-top elementor-section-boxed elementor-section-height-default elementor-section-height-default\" data-id=\"2e6906be\" data-element_type=\"section\" data-e-type=\"section\" data-settings=\"{&quot;background_background&quot;:&quot;classic&quot;,&quot;jet_parallax_layout_list&quot;:[]}\">\n\t\t\t\t\t\t\t<div class=\"elementor-background-overlay\"><\/div>\n\t\t\t\t\t\t\t<div class=\"elementor-container elementor-column-gap-no\">\n\t\t\t\t\t<div class=\"elementor-column elementor-col-100 elementor-top-column elementor-element elementor-element-78e3496d\" data-id=\"78e3496d\" data-element_type=\"column\" data-e-type=\"column\" data-settings=\"{&quot;background_background&quot;:&quot;classic&quot;}\">\n\t\t\t<div class=\"elementor-widget-wrap elementor-element-populated\">\n\t\t\t\t\t\t<div class=\"elementor-element elementor-element-4607a0d0 elementor-widget elementor-widget-heading\" data-id=\"4607a0d0\" data-element_type=\"widget\" data-e-type=\"widget\" data-widget_type=\"heading.default\">\n\t\t\t\t<div class=\"elementor-widget-container\">\n\t\t\t\t\t<h2 class=\"elementor-heading-title elementor-size-default\">Neler yap\u0131yoruz?<\/h2>\t\t\t\t<\/div>\n\t\t\t\t<\/div>\n\t\t\t\t<div class=\"elementor-element elementor-element-1a6f9c00 elementor-widget elementor-widget-text-editor\" data-id=\"1a6f9c00\" data-element_type=\"widget\" data-e-type=\"widget\" data-widget_type=\"text-editor.default\">\n\t\t\t\t<div class=\"elementor-widget-container\">\n\t\t\t\t\t\t\t\t\t<p>Tasar\u0131mdan 3D bask\u0131ya kadar sizin i\u00e7in bir \u00e7ok hizmeti bir arada sunuyoruz. T\u00fcm sunduklar\u0131m\u0131zla, markan\u0131z\u0131 olu\u015fturmak i\u00e7in ba\u015fka bir hizmete ihtiyac\u0131n\u0131z olmayacak!<\/p>\t\t\t\t\t\t\t\t<\/div>\n\t\t\t\t<\/div>\n\t\t\t\t\t<\/div>\n\t\t<\/div>\n\t\t\t\t\t<\/div>\n\t\t<\/section>\n\t\t\t\t<section class=\"elementor-section elementor-top-section elementor-element elementor-element-121a0cad elementor-section-content-middle elementor-section-boxed elementor-section-height-default elementor-section-height-default\" data-id=\"121a0cad\" data-element_type=\"section\" data-e-type=\"section\" data-settings=\"{&quot;background_background&quot;:&quot;classic&quot;,&quot;jet_parallax_layout_list&quot;:[]}\">\n\t\t\t\t\t\t\t<div class=\"elementor-background-overlay\"><\/div>\n\t\t\t\t\t\t\t<div class=\"elementor-container elementor-column-gap-no\">\n\t\t\t\t\t<div class=\"elementor-column elementor-col-50 elementor-top-column elementor-element elementor-element-358d36d3\" data-id=\"358d36d3\" data-element_type=\"column\" data-e-type=\"column\" data-settings=\"{&quot;background_background&quot;:&quot;classic&quot;}\">\n\t\t\t<div class=\"elementor-widget-wrap elementor-element-populated\">\n\t\t\t\t\t\t<div class=\"elementor-element elementor-element-59d41a5f elementor-widget elementor-widget-heading\" data-id=\"59d41a5f\" data-element_type=\"widget\" data-e-type=\"widget\" data-widget_type=\"heading.default\">\n\t\t\t\t<div class=\"elementor-widget-container\">\n\t\t\t\t\t<h2 class=\"elementor-heading-title elementor-size-default\">3D Modelleme<\/h2>\t\t\t\t<\/div>\n\t\t\t\t<\/div>\n\t\t\t\t<div class=\"elementor-element elementor-element-4a0dbbaa elementor-widget elementor-widget-text-editor\" data-id=\"4a0dbbaa\" data-element_type=\"widget\" data-e-type=\"widget\" data-widget_type=\"text-editor.default\">\n\t\t\t\t<div class=\"elementor-widget-container\">\n\t\t\t\t\t<style>.elementor-element-4a0dbbaa{display:none !important}<\/style>\t\t\t\t<\/div>\n\t\t\t\t<\/div>\n\t\t\t\t<div class=\"elementor-element elementor-element-39c81ba elementor-widget elementor-widget-text-editor\" data-id=\"39c81ba\" data-element_type=\"widget\" data-e-type=\"widget\" data-widget_type=\"text-editor.default\">\n\t\t\t\t<div class=\"elementor-widget-container\">\n\t\t\t\t\t\t\t\t\t<p>Kal\u0131plar\u0131m\u0131z\u0131n \u00e7izimlerini end\u00fcstriyel 3d Matrix yaz\u0131l\u0131m\u0131 ile yap\u0131yoruz.\u00a0<\/p><p>Buradaki modelleme i\u015fin en \u00f6nemli k\u0131sm\u0131, \u00e7\u00fcnk\u00fc kal\u0131b\u0131 yap\u0131yoruz. Modellerin formu ve gustosu \u00e7ok \u00f6nemli ve bunun i\u00e7in de \u00e7ok tecr\u00fcbeli olmak gerekiyor. Ne \u00e7izilirse \u00fcretim s\u00fcrecinde onu g\u00f6r\u00fcr\u00fcz.\u00a0<\/p><p>Deneyimli ve uzman 3d modelleme ekibimiz var. \u00c7izimdeki b\u00fct\u00fcn detaylar kontrol edildikten sonra \u00fcretim s\u00fcrecine ge\u00e7iliyor. Modelin kal\u0131plamadaki hesaplar\u0131 yap\u0131l\u0131yor.\u00a0 Cila a\u015famas\u0131nda en az fire ve tazgahta en iyi ve h\u0131zl\u0131 \u00fcretilecek \u015fekilde \u00e7izimler ger\u00e7ekle\u015ftiriliyor.\u00a0<\/p><p>\u00c7izimde 0.001 milimetrenin ne kadar \u00f6nemli oldu\u011funu biliyoruz.<\/p>\t\t\t\t\t\t\t\t<\/div>\n\t\t\t\t<\/div>\n\t\t\t\t<div class=\"elementor-element elementor-element-6393377 elementor-widget elementor-widget-image\" data-id=\"6393377\" data-element_type=\"widget\" data-e-type=\"widget\" data-widget_type=\"image.default\">\n\t\t\t\t<div class=\"elementor-widget-container\">\n\t\t\t\t\t\t\t\t\t\t\t\t\t\t\t<img decoding=\"async\" width=\"440\" height=\"46\" src=\"https:\/\/bosadesign.com\/wp-content\/uploads\/2022\/05\/logo_matrixgold.png\" class=\"attachment-full size-full wp-image-305\" alt=\"\" srcset=\"https:\/\/bosadesign.com\/wp-content\/uploads\/2022\/05\/logo_matrixgold.png 440w, https:\/\/bosadesign.com\/wp-content\/uploads\/2022\/05\/logo_matrixgold-300x31.png 300w\" sizes=\"(max-width: 440px) 100vw, 440px\" \/>\t\t\t\t\t\t\t\t\t\t\t\t\t\t\t<\/div>\n\t\t\t\t<\/div>\n\t\t\t\t\t<\/div>\n\t\t<\/div>\n\t\t\t\t<div class=\"elementor-column elementor-col-50 elementor-top-column elementor-element elementor-element-6dd0ddb1\" data-id=\"6dd0ddb1\" data-element_type=\"column\" data-e-type=\"column\" data-settings=\"{&quot;background_background&quot;:&quot;classic&quot;}\">\n\t\t\t<div class=\"elementor-widget-wrap elementor-element-populated\">\n\t\t\t\t\t\t<div class=\"elementor-element elementor-element-9aef703 elementor-widget elementor-widget-image\" data-id=\"9aef703\" data-element_type=\"widget\" data-e-type=\"widget\" data-widget_type=\"image.default\">\n\t\t\t\t<div class=\"elementor-widget-container\">\n\t\t\t\t\t\t\t\t\t\t\t\t\t\t\t<img fetchpriority=\"high\" decoding=\"async\" width=\"800\" height=\"597\" src=\"https:\/\/bosadesign.com\/wp-content\/uploads\/2022\/05\/thumb_3dmodeling-1024x764.jpg\" class=\"attachment-large size-large wp-image-279\" alt=\"\" srcset=\"https:\/\/bosadesign.com\/wp-content\/uploads\/2022\/05\/thumb_3dmodeling-1024x764.jpg 1024w, https:\/\/bosadesign.com\/wp-content\/uploads\/2022\/05\/thumb_3dmodeling-300x224.jpg 300w, https:\/\/bosadesign.com\/wp-content\/uploads\/2022\/05\/thumb_3dmodeling-768x573.jpg 768w, https:\/\/bosadesign.com\/wp-content\/uploads\/2022\/05\/thumb_3dmodeling.jpg 1466w\" sizes=\"(max-width: 800px) 100vw, 800px\" \/>\t\t\t\t\t\t\t\t\t\t\t\t\t\t\t<\/div>\n\t\t\t\t<\/div>\n\t\t\t\t\t<\/div>\n\t\t<\/div>\n\t\t\t\t\t<\/div>\n\t\t<\/section>\n\t\t\t\t<section class=\"elementor-section elementor-top-section elementor-element elementor-element-c8a3f7a elementor-section-content-middle elementor-section-boxed elementor-section-height-default elementor-section-height-default\" data-id=\"c8a3f7a\" data-element_type=\"section\" data-e-type=\"section\" data-settings=\"{&quot;background_background&quot;:&quot;classic&quot;,&quot;jet_parallax_layout_list&quot;:[]}\">\n\t\t\t\t\t\t\t<div class=\"elementor-background-overlay\"><\/div>\n\t\t\t\t\t\t\t<div class=\"elementor-container elementor-column-gap-no\">\n\t\t\t\t\t<div class=\"elementor-column elementor-col-50 elementor-top-column elementor-element elementor-element-4f4e279\" data-id=\"4f4e279\" data-element_type=\"column\" data-e-type=\"column\" data-settings=\"{&quot;background_background&quot;:&quot;classic&quot;}\">\n\t\t\t<div class=\"elementor-widget-wrap elementor-element-populated\">\n\t\t\t\t\t\t<div class=\"elementor-element elementor-element-28a7a55 elementor-widget elementor-widget-heading\" data-id=\"28a7a55\" data-element_type=\"widget\" data-e-type=\"widget\" data-widget_type=\"heading.default\">\n\t\t\t\t<div class=\"elementor-widget-container\">\n\t\t\t\t\t<h2 class=\"elementor-heading-title elementor-size-default\">3D Bask\u0131<\/h2>\t\t\t\t<\/div>\n\t\t\t\t<\/div>\n\t\t\t\t<div class=\"elementor-element elementor-element-cb54a55 elementor-widget elementor-widget-text-editor\" data-id=\"cb54a55\" data-element_type=\"widget\" data-e-type=\"widget\" data-widget_type=\"text-editor.default\">\n\t\t\t\t<div class=\"elementor-widget-container\">\n\t\t\t\t\t<style>.elementor-element-cb54a55{display:none !important}<\/style>\t\t\t\t<\/div>\n\t\t\t\t<\/div>\n\t\t\t\t<div class=\"elementor-element elementor-element-dbd55d5 elementor-widget elementor-widget-text-editor\" data-id=\"dbd55d5\" data-element_type=\"widget\" data-e-type=\"widget\" data-widget_type=\"text-editor.default\">\n\t\t\t\t<div class=\"elementor-widget-container\">\n\t\t\t\t\t\t\t\t\t<p>3D System Projet 2500W MultiJet 3 boyutlu yaz\u0131c\u0131lar\u0131 kullanarak modellerimizin \u00e7\u0131kt\u0131s\u0131n\u0131 al\u0131p d\u00f6k\u00fcme haz\u0131r hale getiriyoruz.\u00a0<\/p><p>Buradaki kulland\u0131\u011f\u0131m\u0131z teknoloji ile\u00a0 3d yaz\u0131c\u0131dan ald\u0131\u011f\u0131m\u0131z mum \u00e7\u0131kt\u0131lar\u0131n\u0131n y\u00fczeyleri en kaliteli sonucu verir tamamen mum \u00fcretmektedir.<\/p>\t\t\t\t\t\t\t\t<\/div>\n\t\t\t\t<\/div>\n\t\t\t\t<div class=\"elementor-element elementor-element-d496234 elementor-widget elementor-widget-text-editor\" data-id=\"d496234\" data-element_type=\"widget\" data-e-type=\"widget\" data-widget_type=\"text-editor.default\">\n\t\t\t\t<div class=\"elementor-widget-container\">\n\t\t\t\t\t\t\t\t\t<p>D\u00f6k\u00fcmde en iyi sonucu veren\u00a0 makinalar\u0131m\u0131z 1200 x 1200 x 1600 DPI \u00e7\u00f6z\u00fcn\u00fcrl\u00fc\u011fe sahipti ve 16 \u03bc\u00a0 katman hassasiyetinde \u00e7al\u0131\u015fmaktad\u0131r. Burada kaucuk kal\u0131p kullanmadan direkt \u00fcretim de ger\u00e7ekle\u015ftirmekteyiz. Daha hafif ve g\u00f6rseli daha iyi \u00fcr\u00fcnler \u00e7\u0131karmaktay\u0131z. Ta\u015fl\u0131 modellerde normal mum gibi ta\u015f dizimi de yapmaktay\u0131z. Bu teknoloji ile m\u00fc\u015fterilerimize daha h\u0131zl\u0131 \u00fcretim ve model \u00e7e\u015fitlili\u011fi sunuyoruz.\u00a0<\/p>\t\t\t\t\t\t\t\t<\/div>\n\t\t\t\t<\/div>\n\t\t\t\t<div class=\"elementor-element elementor-element-523181e elementor-widget elementor-widget-text-editor\" data-id=\"523181e\" data-element_type=\"widget\" data-e-type=\"widget\" data-widget_type=\"text-editor.default\">\n\t\t\t\t<div class=\"elementor-widget-container\">\n\t\t\t\t\t<style>.elementor-element-523181e{display:none !important}<\/style>\t\t\t\t<\/div>\n\t\t\t\t<\/div>\n\t\t\t\t<div class=\"elementor-element elementor-element-b0e934a elementor-widget elementor-widget-image\" data-id=\"b0e934a\" data-element_type=\"widget\" data-e-type=\"widget\" data-widget_type=\"image.default\">\n\t\t\t\t<div class=\"elementor-widget-container\">\n\t\t\t\t\t\t\t\t\t\t\t\t\t\t\t<img decoding=\"async\" width=\"266\" height=\"156\" src=\"https:\/\/bosadesign.com\/wp-content\/uploads\/2022\/05\/logo_3dsystems.png\" class=\"attachment-full size-full wp-image-304\" alt=\"\" \/>\t\t\t\t\t\t\t\t\t\t\t\t\t\t\t<\/div>\n\t\t\t\t<\/div>\n\t\t\t\t\t<\/div>\n\t\t<\/div>\n\t\t\t\t<div class=\"elementor-column elementor-col-50 elementor-top-column elementor-element elementor-element-06bad8f\" data-id=\"06bad8f\" data-element_type=\"column\" data-e-type=\"column\" data-settings=\"{&quot;background_background&quot;:&quot;classic&quot;}\">\n\t\t\t<div class=\"elementor-widget-wrap elementor-element-populated\">\n\t\t\t\t\t\t<div class=\"elementor-element elementor-element-c4b480e elementor-widget elementor-widget-image\" data-id=\"c4b480e\" data-element_type=\"widget\" data-e-type=\"widget\" data-widget_type=\"image.default\">\n\t\t\t\t<div class=\"elementor-widget-container\">\n\t\t\t\t\t\t\t\t\t\t\t\t\t\t\t<img loading=\"lazy\" decoding=\"async\" width=\"800\" height=\"504\" src=\"https:\/\/bosadesign.com\/wp-content\/uploads\/2022\/05\/thumb_3dprint-1024x645.jpg\" class=\"attachment-large size-large wp-image-318\" alt=\"\" srcset=\"https:\/\/bosadesign.com\/wp-content\/uploads\/2022\/05\/thumb_3dprint-1024x645.jpg 1024w, https:\/\/bosadesign.com\/wp-content\/uploads\/2022\/05\/thumb_3dprint-300x189.jpg 300w, https:\/\/bosadesign.com\/wp-content\/uploads\/2022\/05\/thumb_3dprint-768x484.jpg 768w, https:\/\/bosadesign.com\/wp-content\/uploads\/2022\/05\/thumb_3dprint.jpg 1466w\" sizes=\"(max-width: 800px) 100vw, 800px\" \/>\t\t\t\t\t\t\t\t\t\t\t\t\t\t\t<\/div>\n\t\t\t\t<\/div>\n\t\t\t\t\t<\/div>\n\t\t<\/div>\n\t\t\t\t\t<\/div>\n\t\t<\/section>\n\t\t\t\t<section class=\"elementor-section elementor-top-section elementor-element elementor-element-db33d09 elementor-section-content-middle elementor-section-boxed elementor-section-height-default elementor-section-height-default\" data-id=\"db33d09\" data-element_type=\"section\" data-e-type=\"section\" data-settings=\"{&quot;background_background&quot;:&quot;classic&quot;,&quot;jet_parallax_layout_list&quot;:[]}\">\n\t\t\t\t\t\t\t<div class=\"elementor-background-overlay\"><\/div>\n\t\t\t\t\t\t\t<div class=\"elementor-container elementor-column-gap-no\">\n\t\t\t\t\t<div class=\"elementor-column elementor-col-50 elementor-top-column elementor-element elementor-element-8947624\" data-id=\"8947624\" data-element_type=\"column\" data-e-type=\"column\" data-settings=\"{&quot;background_background&quot;:&quot;classic&quot;}\">\n\t\t\t<div class=\"elementor-widget-wrap elementor-element-populated\">\n\t\t\t\t\t\t<div class=\"elementor-element elementor-element-a02c7fe elementor-widget elementor-widget-heading\" data-id=\"a02c7fe\" data-element_type=\"widget\" data-e-type=\"widget\" data-widget_type=\"heading.default\">\n\t\t\t\t<div class=\"elementor-widget-container\">\n\t\t\t\t\t<h2 class=\"elementor-heading-title elementor-size-default\">Kau\u00e7uk Kal\u0131p<\/h2>\t\t\t\t<\/div>\n\t\t\t\t<\/div>\n\t\t\t\t<div class=\"elementor-element elementor-element-d5f28ff elementor-widget elementor-widget-text-editor\" data-id=\"d5f28ff\" data-element_type=\"widget\" data-e-type=\"widget\" data-widget_type=\"text-editor.default\">\n\t\t\t\t<div class=\"elementor-widget-container\">\n\t\t\t\t\t<style>.elementor-element-d5f28ff{display:none !important}<\/style>\t\t\t\t<\/div>\n\t\t\t\t<\/div>\n\t\t\t\t<div class=\"elementor-element elementor-element-438c2e3 elementor-widget elementor-widget-text-editor\" data-id=\"438c2e3\" data-element_type=\"widget\" data-e-type=\"widget\" data-widget_type=\"text-editor.default\">\n\t\t\t\t<div class=\"elementor-widget-container\">\n\t\t\t\t\t\t\t\t\t<p>G\u00fcm\u00fc\u015f kal\u0131plar\u0131, kendi \u00f6zel form\u00fcl\u00fcm\u00fcz olan kau\u00e7uklara presleyip elde \u00f6zenle kesiyoruz. Burada en \u00e7ok dikkat etti\u011fimiz durum kal\u0131b\u0131n iyi pi\u015fmesi ve \u00e7ok d\u00fczg\u00fcn kesilmesi. Kesimde olu\u015facak kat izleri direkt \u00fcretime yans\u0131r.<\/p><p>Sonras\u0131nda bu katlar\u0131 yok etmek i\u00e7in daha fazla cila ve z\u0131mpara yapmak gerekir fakat \u00fcr\u00fcn bozulmaktad\u0131r. Zaman kayb\u0131, fire kayb\u0131 ve modelin y\u00fczeyinin bozulmas\u0131 sorunlar\u0131yla kar\u015f\u0131la\u015f\u0131l\u0131r.\u00a0<\/p>\t\t\t\t\t\t\t\t<\/div>\n\t\t\t\t<\/div>\n\t\t\t\t\t<\/div>\n\t\t<\/div>\n\t\t\t\t<div class=\"elementor-column elementor-col-50 elementor-top-column elementor-element elementor-element-d005337\" data-id=\"d005337\" data-element_type=\"column\" data-e-type=\"column\" data-settings=\"{&quot;background_background&quot;:&quot;classic&quot;}\">\n\t\t\t<div class=\"elementor-widget-wrap elementor-element-populated\">\n\t\t\t\t\t\t<div class=\"elementor-element elementor-element-d2947e0 elementor-widget elementor-widget-image\" data-id=\"d2947e0\" data-element_type=\"widget\" data-e-type=\"widget\" data-widget_type=\"image.default\">\n\t\t\t\t<div class=\"elementor-widget-container\">\n\t\t\t\t\t\t\t\t\t\t\t\t\t\t\t<img loading=\"lazy\" decoding=\"async\" width=\"948\" height=\"878\" src=\"https:\/\/bosadesign.com\/wp-content\/uploads\/2022\/05\/thumb_rubbermould.jpg\" class=\"attachment-full size-full wp-image-319\" alt=\"\" srcset=\"https:\/\/bosadesign.com\/wp-content\/uploads\/2022\/05\/thumb_rubbermould.jpg 948w, https:\/\/bosadesign.com\/wp-content\/uploads\/2022\/05\/thumb_rubbermould-300x278.jpg 300w, https:\/\/bosadesign.com\/wp-content\/uploads\/2022\/05\/thumb_rubbermould-768x711.jpg 768w\" sizes=\"(max-width: 948px) 100vw, 948px\" \/>\t\t\t\t\t\t\t\t\t\t\t\t\t\t\t<\/div>\n\t\t\t\t<\/div>\n\t\t\t\t\t<\/div>\n\t\t<\/div>\n\t\t\t\t\t<\/div>\n\t\t<\/section>\n\t\t\t\t<section class=\"elementor-section elementor-top-section elementor-element elementor-element-868e3ab elementor-section-content-middle elementor-section-boxed elementor-section-height-default elementor-section-height-default\" data-id=\"868e3ab\" data-element_type=\"section\" data-e-type=\"section\" data-settings=\"{&quot;background_background&quot;:&quot;classic&quot;,&quot;jet_parallax_layout_list&quot;:[]}\">\n\t\t\t\t\t\t\t<div class=\"elementor-background-overlay\"><\/div>\n\t\t\t\t\t\t\t<div class=\"elementor-container elementor-column-gap-no\">\n\t\t\t\t\t<div class=\"elementor-column elementor-col-50 elementor-top-column elementor-element elementor-element-1a00cce\" data-id=\"1a00cce\" data-element_type=\"column\" data-e-type=\"column\" data-settings=\"{&quot;background_background&quot;:&quot;classic&quot;}\">\n\t\t\t<div class=\"elementor-widget-wrap elementor-element-populated\">\n\t\t\t\t\t\t<div class=\"elementor-element elementor-element-84fecc3 elementor-widget elementor-widget-heading\" data-id=\"84fecc3\" data-element_type=\"widget\" data-e-type=\"widget\" data-widget_type=\"heading.default\">\n\t\t\t\t<div class=\"elementor-widget-container\">\n\t\t\t\t\t<h2 class=\"elementor-heading-title elementor-size-default\">Mum Bas\u0131m\u0131<\/h2>\t\t\t\t<\/div>\n\t\t\t\t<\/div>\n\t\t\t\t<div class=\"elementor-element elementor-element-9847820 elementor-widget elementor-widget-text-editor\" data-id=\"9847820\" data-element_type=\"widget\" data-e-type=\"widget\" data-widget_type=\"text-editor.default\">\n\t\t\t\t<div class=\"elementor-widget-container\">\n\t\t\t\t\t<style>.elementor-element-9847820{display:none !important}<\/style>\t\t\t\t<\/div>\n\t\t\t\t<\/div>\n\t\t\t\t<div class=\"elementor-element elementor-element-f0af865 elementor-widget elementor-widget-text-editor\" data-id=\"f0af865\" data-element_type=\"widget\" data-e-type=\"widget\" data-widget_type=\"text-editor.default\">\n\t\t\t\t<div class=\"elementor-widget-container\">\n\t\t\t\t\t\t\t\t\t<p>Mum basmada kulland\u0131\u011f\u0131m\u0131z RiaceWax makinalar\u0131yla en iyi \u015fekilde kau\u00e7uklara mum bas\u0131lmaktad\u0131r.\u00a0<\/p><p>Mum bas\u0131m\u0131nda ta\u015fl\u0131 modellerde b\u00fct\u00fcn t\u0131rnaklar\u0131n \u00e7\u0131kmas\u0131na, y\u00fczeylerin tam olu\u015fmas\u0131na ve \u00e7apak yapmamas\u0131na ustalar\u0131m\u0131z \u00f6zen g\u00f6stermektedir.<\/p>\t\t\t\t\t\t\t\t<\/div>\n\t\t\t\t<\/div>\n\t\t\t\t<div class=\"elementor-element elementor-element-32a7b91 elementor-widget elementor-widget-image\" data-id=\"32a7b91\" data-element_type=\"widget\" data-e-type=\"widget\" data-widget_type=\"image.default\">\n\t\t\t\t<div class=\"elementor-widget-container\">\n\t\t\t\t\t\t\t\t\t\t\t\t\t\t\t<img loading=\"lazy\" decoding=\"async\" width=\"324\" height=\"82\" src=\"https:\/\/bosadesign.com\/wp-content\/uploads\/2022\/05\/logo_riacewax.png\" class=\"attachment-full size-full wp-image-306\" alt=\"\" srcset=\"https:\/\/bosadesign.com\/wp-content\/uploads\/2022\/05\/logo_riacewax.png 324w, https:\/\/bosadesign.com\/wp-content\/uploads\/2022\/05\/logo_riacewax-300x76.png 300w\" sizes=\"(max-width: 324px) 100vw, 324px\" \/>\t\t\t\t\t\t\t\t\t\t\t\t\t\t\t<\/div>\n\t\t\t\t<\/div>\n\t\t\t\t\t<\/div>\n\t\t<\/div>\n\t\t\t\t<div class=\"elementor-column elementor-col-50 elementor-top-column elementor-element elementor-element-2a9d186\" data-id=\"2a9d186\" data-element_type=\"column\" data-e-type=\"column\" data-settings=\"{&quot;background_background&quot;:&quot;classic&quot;}\">\n\t\t\t<div class=\"elementor-widget-wrap elementor-element-populated\">\n\t\t\t\t\t\t<div class=\"elementor-element elementor-element-be83b41 elementor-widget elementor-widget-image\" data-id=\"be83b41\" data-element_type=\"widget\" data-e-type=\"widget\" data-widget_type=\"image.default\">\n\t\t\t\t<div class=\"elementor-widget-container\">\n\t\t\t\t\t\t\t\t\t\t\t\t\t\t\t<img loading=\"lazy\" decoding=\"async\" width=\"1188\" height=\"592\" src=\"https:\/\/bosadesign.com\/wp-content\/uploads\/2022\/05\/thumb_wax.jpg\" class=\"attachment-full size-full wp-image-321\" alt=\"\" srcset=\"https:\/\/bosadesign.com\/wp-content\/uploads\/2022\/05\/thumb_wax.jpg 1188w, https:\/\/bosadesign.com\/wp-content\/uploads\/2022\/05\/thumb_wax-300x149.jpg 300w, https:\/\/bosadesign.com\/wp-content\/uploads\/2022\/05\/thumb_wax-1024x510.jpg 1024w, https:\/\/bosadesign.com\/wp-content\/uploads\/2022\/05\/thumb_wax-768x383.jpg 768w\" sizes=\"(max-width: 1188px) 100vw, 1188px\" \/>\t\t\t\t\t\t\t\t\t\t\t\t\t\t\t<\/div>\n\t\t\t\t<\/div>\n\t\t\t\t\t<\/div>\n\t\t<\/div>\n\t\t\t\t\t<\/div>\n\t\t<\/section>\n\t\t\t\t<section class=\"elementor-section elementor-top-section elementor-element elementor-element-0c605cf elementor-section-content-middle elementor-section-boxed elementor-section-height-default elementor-section-height-default\" data-id=\"0c605cf\" data-element_type=\"section\" data-e-type=\"section\" data-settings=\"{&quot;background_background&quot;:&quot;classic&quot;,&quot;jet_parallax_layout_list&quot;:[]}\">\n\t\t\t\t\t\t\t<div class=\"elementor-background-overlay\"><\/div>\n\t\t\t\t\t\t\t<div class=\"elementor-container elementor-column-gap-no\">\n\t\t\t\t\t<div class=\"elementor-column elementor-col-50 elementor-top-column elementor-element elementor-element-8e925f7\" data-id=\"8e925f7\" data-element_type=\"column\" data-e-type=\"column\" data-settings=\"{&quot;background_background&quot;:&quot;classic&quot;}\">\n\t\t\t<div class=\"elementor-widget-wrap elementor-element-populated\">\n\t\t\t\t\t\t<div class=\"elementor-element elementor-element-71977de elementor-widget elementor-widget-heading\" data-id=\"71977de\" data-element_type=\"widget\" data-e-type=\"widget\" data-widget_type=\"heading.default\">\n\t\t\t\t<div class=\"elementor-widget-container\">\n\t\t\t\t\t<h2 class=\"elementor-heading-title elementor-size-default\">Ta\u015f Takma<\/h2>\t\t\t\t<\/div>\n\t\t\t\t<\/div>\n\t\t\t\t<div class=\"elementor-element elementor-element-bd8f308 elementor-widget elementor-widget-text-editor\" data-id=\"bd8f308\" data-element_type=\"widget\" data-e-type=\"widget\" data-widget_type=\"text-editor.default\">\n\t\t\t\t<div class=\"elementor-widget-container\">\n\t\t\t\t\t<style>.elementor-element-bd8f308{display:none !important}<\/style>\t\t\t\t<\/div>\n\t\t\t\t<\/div>\n\t\t\t\t<div class=\"elementor-element elementor-element-61e7f2c elementor-widget elementor-widget-text-editor\" data-id=\"61e7f2c\" data-element_type=\"widget\" data-e-type=\"widget\" data-widget_type=\"text-editor.default\">\n\t\t\t\t<div class=\"elementor-widget-container\">\n\t\t\t\t\t\t\t\t\t<p>Binlerce ta\u015f\u0131 bir arada mumun \u00fczerine takmak \u00e7ok \u00f6nemli bi s\u00fcre\u00e7. B\u00fct\u00fcn ta\u015flar\u0131n ayn\u0131 hizada olmas\u0131 gerekir ve t\u0131rnaklar\u0131 yemeden tak\u0131lmas\u0131 gerekir. Ta\u015flar\u0131n t\u0131rnak deliklerine tam oturtulmas\u0131 gerekir. E\u011fik olmamas\u0131 gerekir. Bu s\u00fcre\u00e7lerin herhangi birine dikkat edilmedi\u011fi takdirde \u00e7\u0131kan sonu\u00e7ta ta\u015flar parlamaz, \u00fcr\u00fcn karanl\u0131k g\u00f6z\u00fck\u00fcr veya d\u00f6k\u00fcmde ta\u015f k\u0131r\u0131labilir.\u00a0<\/p><p>En iyi sonu\u00e7lar b\u00fct\u00fcn a\u015famalar\u0131 kontrol etmekten ge\u00e7er. Ve d\u00f6k\u00fcme haz\u0131r\u0131z.<\/p>\t\t\t\t\t\t\t\t<\/div>\n\t\t\t\t<\/div>\n\t\t\t\t\t<\/div>\n\t\t<\/div>\n\t\t\t\t<div class=\"elementor-column elementor-col-50 elementor-top-column elementor-element elementor-element-9bb9361\" data-id=\"9bb9361\" data-element_type=\"column\" data-e-type=\"column\" data-settings=\"{&quot;background_background&quot;:&quot;classic&quot;}\">\n\t\t\t<div class=\"elementor-widget-wrap elementor-element-populated\">\n\t\t\t\t\t\t<div class=\"elementor-element elementor-element-1b29695 elementor-widget elementor-widget-image\" data-id=\"1b29695\" data-element_type=\"widget\" data-e-type=\"widget\" data-widget_type=\"image.default\">\n\t\t\t\t<div class=\"elementor-widget-container\">\n\t\t\t\t\t\t\t\t\t\t\t\t\t\t\t<img loading=\"lazy\" decoding=\"async\" width=\"1188\" height=\"746\" src=\"https:\/\/bosadesign.com\/wp-content\/uploads\/2022\/05\/thumb_stonesetting.jpg\" class=\"attachment-full size-full wp-image-320\" alt=\"\" srcset=\"https:\/\/bosadesign.com\/wp-content\/uploads\/2022\/05\/thumb_stonesetting.jpg 1188w, https:\/\/bosadesign.com\/wp-content\/uploads\/2022\/05\/thumb_stonesetting-300x188.jpg 300w, https:\/\/bosadesign.com\/wp-content\/uploads\/2022\/05\/thumb_stonesetting-1024x643.jpg 1024w, https:\/\/bosadesign.com\/wp-content\/uploads\/2022\/05\/thumb_stonesetting-768x482.jpg 768w\" sizes=\"(max-width: 1188px) 100vw, 1188px\" \/>\t\t\t\t\t\t\t\t\t\t\t\t\t\t\t<\/div>\n\t\t\t\t<\/div>\n\t\t\t\t\t<\/div>\n\t\t<\/div>\n\t\t\t\t\t<\/div>\n\t\t<\/section>\n\t\t\t\t<\/div>","protected":false},"excerpt":{"rendered":"<p>What we offer From designing from scratch to 3D printing, we create dream-like designs for you. With all we offer, you won\u2019t need any other service to build up your brand! 3D Modeling We draw our molds with industrial 3d Matrix software. Modeling here is the most important part, because we are making the mold. [&hellip;]<\/p>\n","protected":false},"author":1,"featured_media":0,"parent":0,"menu_order":0,"comment_status":"closed","ping_status":"closed","template":"","meta":{"footnotes":""},"class_list":["post-20","page","type-page","status-publish","hentry"],"_links":{"self":[{"href":"https:\/\/bosadesign.com\/tr\/wp-json\/wp\/v2\/pages\/20","targetHints":{"allow":["GET"]}}],"collection":[{"href":"https:\/\/bosadesign.com\/tr\/wp-json\/wp\/v2\/pages"}],"about":[{"href":"https:\/\/bosadesign.com\/tr\/wp-json\/wp\/v2\/types\/page"}],"author":[{"embeddable":true,"href":"https:\/\/bosadesign.com\/tr\/wp-json\/wp\/v2\/users\/1"}],"replies":[{"embeddable":true,"href":"https:\/\/bosadesign.com\/tr\/wp-json\/wp\/v2\/comments?post=20"}],"version-history":[{"count":85,"href":"https:\/\/bosadesign.com\/tr\/wp-json\/wp\/v2\/pages\/20\/revisions"}],"predecessor-version":[{"id":587,"href":"https:\/\/bosadesign.com\/tr\/wp-json\/wp\/v2\/pages\/20\/revisions\/587"}],"wp:attachment":[{"href":"https:\/\/bosadesign.com\/tr\/wp-json\/wp\/v2\/media?parent=20"}],"curies":[{"name":"wp","href":"https:\/\/api.w.org\/{rel}","templated":true}]}}